{"id":10537,"date":"2023-05-08T10:01:46","date_gmt":"2023-05-08T08:01:46","guid":{"rendered":"https:\/\/www.elektrotim.rs.ba\/novogodisnja-rasvjeta-ukrasna-i-dekorativna-rasvjeta\/"},"modified":"2023-06-08T09:43:35","modified_gmt":"2023-06-08T07:43:35","slug":"novogodisnja-rasvjeta-ukrasna-i-dekorativna-rasvjeta","status":"publish","type":"page","link":"https:\/\/www.elektrotim.rs.ba:443\/en\/novogodisnja-rasvjeta-ukrasna-i-dekorativna-rasvjeta\/","title":{"rendered":"Novogodi\u0161nja, ukrasna i dekorativna rasvjeta"},"content":{"rendered":"\t\t<div data-elementor-type=\"wp-page\" data-elementor-id=\"10537\" class=\"elementor elementor-10537\">\n\t\t\t\t\t\t\t\t\t<section class=\"elementor-section elementor-top-section elementor-element elementor-element-6ba3d2a elementor-section-full_width elementor-section-height-default elementor-section-height-default qodef-elementor-content-no qodef-elementor-overlay-no\" data-id=\"6ba3d2a\" data-element_type=\"section\">\n\t\t\t\t\t\t<div class=\"elementor-container elementor-column-gap-default\">\n\t\t\t\t\t<div class=\"elementor-column elementor-col-100 elementor-top-column elementor-element elementor-element-fbf8da4\" data-id=\"fbf8da4\" data-element_type=\"column\">\n\t\t\t<div class=\"elementor-widget-wrap elementor-element-populated\">\n\t\t\t\t\t\t\t\t<div class=\"elementor-element elementor-element-8681b9b elementor-widget elementor-widget-heading\" data-id=\"8681b9b\" data-element_type=\"widget\" data-widget_type=\"heading.default\">\n\t\t\t\t<div class=\"elementor-widget-container\">\n\t\t\t<style>\/*! elementor - v3.13.3 - 28-05-2023 *\/\n.elementor-heading-title{padding:0;margin:0;line-height:1}.elementor-widget-heading .elementor-heading-title[class*=elementor-size-]>a{color:inherit;font-size:inherit;line-height:inherit}.elementor-widget-heading .elementor-heading-title.elementor-size-small{font-size:15px}.elementor-widget-heading .elementor-heading-title.elementor-size-medium{font-size:19px}.elementor-widget-heading .elementor-heading-title.elementor-size-large{font-size:29px}.elementor-widget-heading .elementor-heading-title.elementor-size-xl{font-size:39px}.elementor-widget-heading .elementor-heading-title.elementor-size-xxl{font-size:59px}<\/style><h1 class=\"elementor-heading-title elementor-size-default\">NEW YEAR ORNAMENTAL AND DECORATIVE LIGHTING<\/h1>\t\t<\/div>\n\t\t\t\t<\/div>\n\t\t\t\t\t<\/div>\n\t\t<\/div>\n\t\t\t\t\t\t\t<\/div>\n\t\t<\/section>\n\t\t\t\t<section class=\"elementor-section elementor-top-section elementor-element elementor-element-b9fa5fb qodef-elementor-content-grid elementor-section-stretched elementor-section-full_width elementor-section-height-default elementor-section-height-default qodef-elementor-overlay-no\" data-id=\"b9fa5fb\" data-element_type=\"section\" data-settings=\"{&quot;background_background&quot;:&quot;classic&quot;,&quot;stretch_section&quot;:&quot;section-stretched&quot;}\">\n\t\t\t\t\t\t<div class=\"elementor-container elementor-column-gap-default\">\n\t\t\t\t\t<div class=\"elementor-column elementor-col-50 elementor-top-column elementor-element elementor-element-9ec407f\" data-id=\"9ec407f\" data-element_type=\"column\">\n\t\t\t<div class=\"elementor-widget-wrap elementor-element-populated\">\n\t\t\t\t\t\t\t\t<div class=\"elementor-element elementor-element-2daa376 elementor-widget elementor-widget-text-editor\" data-id=\"2daa376\" data-element_type=\"widget\" data-widget_type=\"text-editor.default\">\n\t\t\t\t<div class=\"elementor-widget-container\">\n\t\t\t<style>\/*! elementor - v3.13.3 - 28-05-2023 *\/\n.elementor-widget-text-editor.elementor-drop-cap-view-stacked .elementor-drop-cap{background-color:#69727d;color:#fff}.elementor-widget-text-editor.elementor-drop-cap-view-framed .elementor-drop-cap{color:#69727d;border:3px solid;background-color:transparent}.elementor-widget-text-editor:not(.elementor-drop-cap-view-default) .elementor-drop-cap{margin-top:8px}.elementor-widget-text-editor:not(.elementor-drop-cap-view-default) .elementor-drop-cap-letter{width:1em;height:1em}.elementor-widget-text-editor .elementor-drop-cap{float:left;text-align:center;line-height:1;font-size:50px}.elementor-widget-text-editor .elementor-drop-cap-letter{display:inline-block}<\/style>\t\t\t\t<p>Elektro tim has been known for years as the leading distributor of New Year&#8217;s ornaments and decorations in Bosnia and Herzegovina. Commitment to quality and professional approach sets us apart as a market leader.<\/p><p>We are the authorized distributor of the products of the Austrian company MK Illumination, which guarantees the quality and durability of all the products we offer.<\/p>\t\t\t\t\t\t<\/div>\n\t\t\t\t<\/div>\n\t\t\t\t\t<\/div>\n\t\t<\/div>\n\t\t\t\t<div class=\"elementor-column elementor-col-50 elementor-top-column elementor-element elementor-element-e093f3e\" data-id=\"e093f3e\" data-element_type=\"column\">\n\t\t\t<div class=\"elementor-widget-wrap elementor-element-populated\">\n\t\t\t\t\t\t\t\t<div class=\"elementor-element elementor-element-de13557 elementor-widget elementor-widget-tobel_core_single_image\" data-id=\"de13557\" data-element_type=\"widget\" data-widget_type=\"tobel_core_single_image.default\">\n\t\t\t\t<div class=\"elementor-widget-container\">\n\t\t\t<div class=\"qodef-shortcode qodef-m  qodef-single-image qodef-layout--default qodef-parallax-item\">\n\t\t<div class=\"qodef-m-image\">\n\t\t\t\t\t\t<img loading=\"lazy\" decoding=\"async\" width=\"1300\" height=\"859\" src=\"https:\/\/www.elektrotim.rs.ba:443\/wp-content\/uploads\/2023\/05\/Elektro-tim-portfolio-Delta-1300x859-picture-04.jpg\" class=\"attachment-full size-full\" alt=\"\" srcset=\"https:\/\/www.elektrotim.rs.ba:443\/wp-content\/uploads\/2023\/05\/Elektro-tim-portfolio-Delta-1300x859-picture-04.jpg 1300w, https:\/\/www.elektrotim.rs.ba:443\/wp-content\/uploads\/2023\/05\/Elektro-tim-portfolio-Delta-1300x859-picture-04-300x198.jpg 300w, https:\/\/www.elektrotim.rs.ba:443\/wp-content\/uploads\/2023\/05\/Elektro-tim-portfolio-Delta-1300x859-picture-04-1024x677.jpg 1024w, https:\/\/www.elektrotim.rs.ba:443\/wp-content\/uploads\/2023\/05\/Elektro-tim-portfolio-Delta-1300x859-picture-04-768x507.jpg 768w\" sizes=\"auto, (max-width: 1300px) 100vw, 1300px\" \/>\t\t\t\t\t<\/div>\n<\/div>\n\t\t<\/div>\n\t\t\t\t<\/div>\n\t\t\t\t\t<\/div>\n\t\t<\/div>\n\t\t\t\t\t\t\t<\/div>\n\t\t<\/section>\n\t\t\t\t<section class=\"elementor-section elementor-top-section elementor-element elementor-element-5292c1d elementor-section-full_width qodef-elementor-content-grid elementor-section-stretched elementor-section-height-default elementor-section-height-default qodef-elementor-overlay-no\" data-id=\"5292c1d\" data-element_type=\"section\" data-settings=\"{&quot;background_background&quot;:&quot;classic&quot;,&quot;stretch_section&quot;:&quot;section-stretched&quot;}\">\n\t\t\t\t\t\t<div class=\"elementor-container elementor-column-gap-default\">\n\t\t\t\t\t<div class=\"elementor-column elementor-col-100 elementor-top-column elementor-element elementor-element-fc34df5\" data-id=\"fc34df5\" data-element_type=\"column\">\n\t\t\t<div class=\"elementor-widget-wrap elementor-element-populated\">\n\t\t\t\t\t\t\t\t<div class=\"elementor-element elementor-element-ba4026c elementor-widget__width-initial elementor-widget elementor-widget-heading\" data-id=\"ba4026c\" data-element_type=\"widget\" data-widget_type=\"heading.default\">\n\t\t\t\t<div class=\"elementor-widget-container\">\n\t\t\t<h2 class=\"elementor-heading-title elementor-size-default\">Projects that prove quality<\/h2>\t\t<\/div>\n\t\t\t\t<\/div>\n\t\t\t\t\t<\/div>\n\t\t<\/div>\n\t\t\t\t\t\t\t<\/div>\n\t\t<\/section>\n\t\t\t\t<section class=\"elementor-section elementor-top-section elementor-element elementor-element-69c8eb8 elementor-section-full_width elementor-section-height-default elementor-section-height-default qodef-elementor-content-no qodef-elementor-overlay-no\" data-id=\"69c8eb8\" data-element_type=\"section\">\n\t\t\t\t\t\t<div class=\"elementor-container elementor-column-gap-default\">\n\t\t\t\t\t<div class=\"elementor-column elementor-col-50 elementor-top-column elementor-element elementor-element-0ce752a\" data-id=\"0ce752a\" data-element_type=\"column\">\n\t\t\t<div class=\"elementor-widget-wrap elementor-element-populated\">\n\t\t\t\t\t\t\t\t<div class=\"elementor-element elementor-element-28fe327 elementor-widget__width-initial elementor-widget elementor-widget-text-editor\" data-id=\"28fe327\" data-element_type=\"widget\" data-widget_type=\"text-editor.default\">\n\t\t\t\t<div class=\"elementor-widget-container\">\n\t\t\t\t\t\t\t<p>In the last decade, Elektro tim has decorated squares in many cities throughout Bosnia and Herzegovina. Kotor Varo\u0161, Modri\u010da, Srebrenik, Gra\u010danica, Gora\u017ede, Mrkonji\u0107 Grad, Sanski Most, Trebinje, Gradi\u0161ka, Tuzla, Biha\u0107, Drvar and Sarajevo are just some of the places that have been decorated with great New Year&#8217;s decorations from this distributor.<\/p><p>The projects in Banja Luka itself stand out, where we decorated the central square as part of the &#8220;Zimzograd project&#8221;.<\/p>\t\t\t\t\t\t<\/div>\n\t\t\t\t<\/div>\n\t\t\t\t\t<\/div>\n\t\t<\/div>\n\t\t\t\t<div class=\"elementor-column elementor-col-50 elementor-top-column elementor-element elementor-element-496e948\" data-id=\"496e948\" data-element_type=\"column\">\n\t\t\t<div class=\"elementor-widget-wrap elementor-element-populated\">\n\t\t\t\t\t\t\t\t<div class=\"elementor-element elementor-element-65e3ee5 elementor-widget__width-initial elementor-widget elementor-widget-text-editor\" data-id=\"65e3ee5\" data-element_type=\"widget\" data-widget_type=\"text-editor.default\">\n\t\t\t\t<div class=\"elementor-widget-container\">\n\t\t\t\t\t\t\t<p>In addition, we also decorated the headquarters and branches of several banks such as Balkan Investment Bank, MF Bank, Hypo Alpe Adria Bank and Volksbank (Sberbank), as well as many other important business and catering establishments.<\/p><p>Elektro tim also decorated numerous shopping centers, including Mercator in Br\u010dko, Sarajevo, Tuzla, Mostar and Banja Luka, and Tropic shopping centers in Banja Luka, Gradi\u0161ka, Prijedor, Brod, Bijeljina and Trebinje.<\/p>\t\t\t\t\t\t<\/div>\n\t\t\t\t<\/div>\n\t\t\t\t\t<\/div>\n\t\t<\/div>\n\t\t\t\t\t\t\t<\/div>\n\t\t<\/section>\n\t\t\t\t<section class=\"elementor-section elementor-top-section elementor-element elementor-element-80b3bc1 elementor-section-full_width elementor-section-height-default elementor-section-height-default qodef-elementor-content-no qodef-elementor-overlay-no\" data-id=\"80b3bc1\" data-element_type=\"section\">\n\t\t\t\t\t\t<div class=\"elementor-container elementor-column-gap-default\">\n\t\t\t\t\t<div class=\"elementor-column elementor-col-100 elementor-top-column elementor-element elementor-element-eb7200e\" data-id=\"eb7200e\" data-element_type=\"column\">\n\t\t\t<div class=\"elementor-widget-wrap\">\n\t\t\t\t\t\t\t\t\t<\/div>\n\t\t<\/div>\n\t\t\t\t\t\t\t<\/div>\n\t\t<\/section>\n\t\t\t\t<section class=\"elementor-section elementor-top-section elementor-element elementor-element-f4f10c2 elementor-section-full_width qodef-elementor-content-grid elementor-section-height-min-height elementor-section-stretched elementor-hidden-tablet elementor-hidden-mobile elementor-section-height-default elementor-section-items-middle qodef-elementor-overlay-no\" data-id=\"f4f10c2\" data-element_type=\"section\" data-settings=\"{&quot;stretch_section&quot;:&quot;section-stretched&quot;,&quot;background_background&quot;:&quot;classic&quot;}\">\n\t\t\t\t\t\t\t<div class=\"elementor-background-overlay\"><\/div>\n\t\t\t\t\t\t\t<div class=\"elementor-container elementor-column-gap-default\">\n\t\t\t\t\t<div class=\"elementor-column elementor-col-100 elementor-top-column elementor-element elementor-element-f7abdb2\" data-id=\"f7abdb2\" data-element_type=\"column\">\n\t\t\t<div class=\"elementor-widget-wrap elementor-element-populated\">\n\t\t\t\t\t\t\t\t<div class=\"elementor-element elementor-element-7043be9 elementor-widget__width-initial elementor-widget elementor-widget-heading\" data-id=\"7043be9\" data-element_type=\"widget\" data-widget_type=\"heading.default\">\n\t\t\t\t<div class=\"elementor-widget-container\">\n\t\t\t<h3 class=\"elementor-heading-title elementor-size-default\">Banja Luka<\/h3>\t\t<\/div>\n\t\t\t\t<\/div>\n\t\t\t\t\t<\/div>\n\t\t<\/div>\n\t\t\t\t\t\t\t<\/div>\n\t\t<\/section>\n\t\t\t\t<section class=\"elementor-section elementor-top-section elementor-element elementor-element-b539b46 elementor-section-full_width qodef-elementor-content-grid elementor-section-stretched elementor-section-height-default elementor-section-height-default qodef-elementor-overlay-no\" data-id=\"b539b46\" data-element_type=\"section\" data-settings=\"{&quot;background_background&quot;:&quot;classic&quot;,&quot;stretch_section&quot;:&quot;section-stretched&quot;}\">\n\t\t\t\t\t\t<div class=\"elementor-container elementor-column-gap-default\">\n\t\t\t\t\t<div class=\"elementor-column elementor-col-33 elementor-top-column elementor-element elementor-element-1dc4c71\" data-id=\"1dc4c71\" data-element_type=\"column\">\n\t\t\t<div class=\"elementor-widget-wrap elementor-element-populated\">\n\t\t\t\t\t\t\t\t<div class=\"elementor-element elementor-element-f62e76c elementor-widget__width-initial elementor-widget elementor-widget-heading\" data-id=\"f62e76c\" data-element_type=\"widget\" data-widget_type=\"heading.default\">\n\t\t\t\t<div class=\"elementor-widget-container\">\n\t\t\t<h2 class=\"elementor-heading-title elementor-size-default\">A wide range of New Year's ornaments and decorations<\/h2>\t\t<\/div>\n\t\t\t\t<\/div>\n\t\t\t\t<div class=\"elementor-element elementor-element-4b44596 elementor-widget elementor-widget-text-editor\" data-id=\"4b44596\" data-element_type=\"widget\" data-widget_type=\"text-editor.default\">\n\t\t\t\t<div class=\"elementor-widget-container\">\n\t\t\t\t\t\t\t<p>Elektro tim offers a wide range of New Year&#8217;s ornaments and decorations that will fulfill all your wishes. In addition to specific custom-made New Year&#8217;s decorations, here you can also find decorative Christmas trees and greenery, illuminated inscriptions, curtains and chains, illuminated motifs, as well as lighting for celebrations and special occasions.<\/p><p>Each product is carefully designed and manufactured to achieve maximum effect and durability. The Elektro tim is recognized for the quality of its products and services, which is why satisfied clients always return.<\/p><p>Every product has been carefully designed and made to achieve maximum effect and durability.<\/p><p>Elektro tim is recognized by its quality of products and services, which is why satisfied clients are coming back.<\/p>\t\t\t\t\t\t<\/div>\n\t\t\t\t<\/div>\n\t\t\t\t\t<\/div>\n\t\t<\/div>\n\t\t\t\t<div class=\"elementor-column elementor-col-33 elementor-top-column elementor-element elementor-element-37d66aa\" data-id=\"37d66aa\" data-element_type=\"column\">\n\t\t\t<div class=\"elementor-widget-wrap elementor-element-populated\">\n\t\t\t\t\t\t\t\t<div class=\"elementor-element elementor-element-a7c4383 elementor-widget elementor-widget-tobel_core_single_image\" data-id=\"a7c4383\" data-element_type=\"widget\" data-widget_type=\"tobel_core_single_image.default\">\n\t\t\t\t<div class=\"elementor-widget-container\">\n\t\t\t<div class=\"qodef-shortcode qodef-m  qodef-single-image qodef-layout--default qodef-parallax-item\">\n\t\t<div class=\"qodef-m-image\">\n\t\t\t\t\t\t<img loading=\"lazy\" decoding=\"async\" width=\"1300\" height=\"859\" src=\"https:\/\/www.elektrotim.rs.ba:443\/wp-content\/uploads\/2023\/05\/Elektro-tim-portfolio-Delta-1300x859-picture-03.jpg\" class=\"attachment-full size-full\" alt=\"\" srcset=\"https:\/\/www.elektrotim.rs.ba:443\/wp-content\/uploads\/2023\/05\/Elektro-tim-portfolio-Delta-1300x859-picture-03.jpg 1300w, https:\/\/www.elektrotim.rs.ba:443\/wp-content\/uploads\/2023\/05\/Elektro-tim-portfolio-Delta-1300x859-picture-03-300x198.jpg 300w, https:\/\/www.elektrotim.rs.ba:443\/wp-content\/uploads\/2023\/05\/Elektro-tim-portfolio-Delta-1300x859-picture-03-1024x677.jpg 1024w, https:\/\/www.elektrotim.rs.ba:443\/wp-content\/uploads\/2023\/05\/Elektro-tim-portfolio-Delta-1300x859-picture-03-768x507.jpg 768w\" sizes=\"auto, (max-width: 1300px) 100vw, 1300px\" \/>\t\t\t\t\t<\/div>\n<\/div>\n\t\t<\/div>\n\t\t\t\t<\/div>\n\t\t\t\t\t<\/div>\n\t\t<\/div>\n\t\t\t\t<div class=\"elementor-column elementor-col-33 elementor-top-column elementor-element elementor-element-beba515\" data-id=\"beba515\" data-element_type=\"column\">\n\t\t\t<div class=\"elementor-widget-wrap elementor-element-populated\">\n\t\t\t\t\t\t\t\t<div class=\"elementor-element elementor-element-79f2a9b elementor-widget elementor-widget-tobel_core_single_image\" data-id=\"79f2a9b\" data-element_type=\"widget\" data-widget_type=\"tobel_core_single_image.default\">\n\t\t\t\t<div class=\"elementor-widget-container\">\n\t\t\t<div class=\"qodef-shortcode qodef-m  qodef-single-image qodef-layout--default qodef-parallax-item\">\n\t\t<div class=\"qodef-m-image\">\n\t\t\t\t\t\t<img loading=\"lazy\" decoding=\"async\" width=\"1300\" height=\"1645\" src=\"https:\/\/www.elektrotim.rs.ba:443\/wp-content\/uploads\/2023\/05\/Elektro-tim-portfolio-Blachere-1300x1645-picture-04.jpg\" class=\"attachment-full size-full\" alt=\"\" srcset=\"https:\/\/www.elektrotim.rs.ba:443\/wp-content\/uploads\/2023\/05\/Elektro-tim-portfolio-Blachere-1300x1645-picture-04.jpg 1300w, https:\/\/www.elektrotim.rs.ba:443\/wp-content\/uploads\/2023\/05\/Elektro-tim-portfolio-Blachere-1300x1645-picture-04-237x300.jpg 237w, https:\/\/www.elektrotim.rs.ba:443\/wp-content\/uploads\/2023\/05\/Elektro-tim-portfolio-Blachere-1300x1645-picture-04-809x1024.jpg 809w, https:\/\/www.elektrotim.rs.ba:443\/wp-content\/uploads\/2023\/05\/Elektro-tim-portfolio-Blachere-1300x1645-picture-04-768x972.jpg 768w, https:\/\/www.elektrotim.rs.ba:443\/wp-content\/uploads\/2023\/05\/Elektro-tim-portfolio-Blachere-1300x1645-picture-04-1214x1536.jpg 1214w\" sizes=\"auto, (max-width: 1300px) 100vw, 1300px\" \/>\t\t\t\t\t<\/div>\n<\/div>\n\t\t<\/div>\n\t\t\t\t<\/div>\n\t\t\t\t\t<\/div>\n\t\t<\/div>\n\t\t\t\t\t\t\t<\/div>\n\t\t<\/section>\n\t\t\t\t<section class=\"elementor-section elementor-top-section elementor-element elementor-element-867a5f3 elementor-section-full_width qodef-elementor-content-grid elementor-section-height-min-height elementor-section-stretched elementor-hidden-tablet elementor-hidden-mobile elementor-section-height-default elementor-section-items-middle qodef-elementor-overlay-no\" data-id=\"867a5f3\" data-element_type=\"section\" data-settings=\"{&quot;stretch_section&quot;:&quot;section-stretched&quot;}\">\n\t\t\t\t\t\t<div class=\"elementor-container elementor-column-gap-default\">\n\t\t\t\t\t<div class=\"elementor-column elementor-col-100 elementor-top-column elementor-element elementor-element-51e6d60\" data-id=\"51e6d60\" data-element_type=\"column\">\n\t\t\t<div class=\"elementor-widget-wrap elementor-element-populated\">\n\t\t\t\t\t\t\t\t<div class=\"elementor-element elementor-element-cdd2e20 elementor-widget__width-initial elementor-widget elementor-widget-heading\" data-id=\"cdd2e20\" data-element_type=\"widget\" data-widget_type=\"heading.default\">\n\t\t\t\t<div class=\"elementor-widget-container\">\n\t\t\t<h3 class=\"elementor-heading-title elementor-size-default\">Hotel Zenica<\/h3>\t\t<\/div>\n\t\t\t\t<\/div>\n\t\t\t\t\t<\/div>\n\t\t<\/div>\n\t\t\t\t\t\t\t<\/div>\n\t\t<\/section>\n\t\t\t\t<section class=\"elementor-section elementor-top-section elementor-element elementor-element-bc147ef qodef-elementor-content-grid elementor-section-stretched elementor-section-full_width elementor-section-height-default elementor-section-height-default qodef-elementor-overlay-no\" data-id=\"bc147ef\" data-element_type=\"section\" data-settings=\"{&quot;background_background&quot;:&quot;classic&quot;,&quot;stretch_section&quot;:&quot;section-stretched&quot;}\">\n\t\t\t\t\t\t<div class=\"elementor-container elementor-column-gap-default\">\n\t\t\t\t\t<div class=\"elementor-column elementor-col-50 elementor-top-column elementor-element elementor-element-e532c07\" data-id=\"e532c07\" data-element_type=\"column\">\n\t\t\t<div class=\"elementor-widget-wrap elementor-element-populated\">\n\t\t\t\t\t\t\t\t<div class=\"elementor-element elementor-element-84431bd elementor-widget__width-initial elementor-widget elementor-widget-heading\" data-id=\"84431bd\" data-element_type=\"widget\" data-widget_type=\"heading.default\">\n\t\t\t\t<div class=\"elementor-widget-container\">\n\t\t\t<h2 class=\"elementor-heading-title elementor-size-default\">Decorate your home and business space with Elektro tim<\/h2>\t\t<\/div>\n\t\t\t\t<\/div>\n\t\t\t\t<div class=\"elementor-element elementor-element-77f5e51 elementor-widget elementor-widget-text-editor\" data-id=\"77f5e51\" data-element_type=\"widget\" data-widget_type=\"text-editor.default\">\n\t\t\t\t<div class=\"elementor-widget-container\">\n\t\t\t\t\t\t\tIf You want Your home or business space to shine brightly, please <a href=\"https:\/\/www.elektrotim.rs.ba:443\/en\/kontakt\/\">contact us<\/a>.\t\t\t\t\t\t<\/div>\n\t\t\t\t<\/div>\n\t\t\t\t\t<\/div>\n\t\t<\/div>\n\t\t\t\t<div class=\"elementor-column elementor-col-50 elementor-top-column elementor-element elementor-element-17ce802\" data-id=\"17ce802\" data-element_type=\"column\">\n\t\t\t<div class=\"elementor-widget-wrap elementor-element-populated\">\n\t\t\t\t\t\t\t\t<div class=\"elementor-element elementor-element-2fefb65 elementor-widget__width-initial elementor-widget elementor-widget-google_maps\" data-id=\"2fefb65\" data-element_type=\"widget\" data-widget_type=\"google_maps.default\">\n\t\t\t\t<div class=\"elementor-widget-container\">\n\t\t\t<style>\/*! elementor - v3.13.3 - 28-05-2023 *\/\n.elementor-widget-google_maps .elementor-widget-container{overflow:hidden}.elementor-widget-google_maps .elementor-custom-embed{line-height:0}.elementor-widget-google_maps iframe{height:300px}<\/style>\t\t<div class=\"elementor-custom-embed\">\n\t\t\t<iframe loading=\"lazy\"\n\t\t\t\t\tsrc=\"https:\/\/www.google.com\/maps\/embed\/v1\/place?key=AIzaSyAuKPAPmqaj84eNXzCcVfsRHqutpfCHk4A&#038;q=%C5%A0argova%C4%8Dka%2031%2C%2078114%20Banja%20Luka%2C%20Bosna%20i%20Hercegovina&#038;zoom=17\"\n\t\t\t\t\ttitle=\"\u0160argova\u010dka 31, 78114 Banja Luka, Bosna i Hercegovina\"\n\t\t\t\t\taria-label=\"\u0160argova\u010dka 31, 78114 Banja Luka, Bosna i Hercegovina\"\n\t\t\t><\/iframe>\n\t\t<\/div>\n\t\t\t\t<\/div>\n\t\t\t\t<\/div>\n\t\t\t\t\t<\/div>\n\t\t<\/div>\n\t\t\t\t\t\t\t<\/div>\n\t\t<\/section>\n\t\t\t\t\t\t\t<\/div>\n\t\t","protected":false},"excerpt":{"rendered":"<p>NEW YEAR ORNAMENTAL AND DECORATIVE LIGHTING Elektro tim has been known for years as the leading distributor of New Year&#8217;s ornaments and decorations in Bosnia and Herzegovina. Commitment to quality and professional approach sets us apart as a market leader. We are the authorized distributor of the products of the Austrian company MK Illumination, which [&hellip;]<\/p>\n","protected":false},"author":1,"featured_media":0,"parent":0,"menu_order":0,"comment_status":"closed","ping_status":"closed","template":"","meta":{"footnotes":""},"class_list":["post-10537","page","type-page","status-publish","hentry"],"_links":{"self":[{"href":"https:\/\/www.elektrotim.rs.ba:443\/en\/wp-json\/wp\/v2\/pages\/10537","targetHints":{"allow":["GET"]}}],"collection":[{"href":"https:\/\/www.elektrotim.rs.ba:443\/en\/wp-json\/wp\/v2\/pages"}],"about":[{"href":"https:\/\/www.elektrotim.rs.ba:443\/en\/wp-json\/wp\/v2\/types\/page"}],"author":[{"embeddable":true,"href":"https:\/\/www.elektrotim.rs.ba:443\/en\/wp-json\/wp\/v2\/users\/1"}],"replies":[{"embeddable":true,"href":"https:\/\/www.elektrotim.rs.ba:443\/en\/wp-json\/wp\/v2\/comments?post=10537"}],"version-history":[{"count":10,"href":"https:\/\/www.elektrotim.rs.ba:443\/en\/wp-json\/wp\/v2\/pages\/10537\/revisions"}],"predecessor-version":[{"id":10832,"href":"https:\/\/www.elektrotim.rs.ba:443\/en\/wp-json\/wp\/v2\/pages\/10537\/revisions\/10832"}],"wp:attachment":[{"href":"https:\/\/www.elektrotim.rs.ba:443\/en\/wp-json\/wp\/v2\/media?parent=10537"}],"curies":[{"name":"wp","href":"https:\/\/api.w.org\/{rel}","templated":true}]}}